{"id":911,"date":"2014-03-18T19:26:28","date_gmt":"2014-03-18T19:26:28","guid":{"rendered":"https:\/\/hotel-lina.ro\/?page_id=911"},"modified":"2025-09-17T19:27:20","modified_gmt":"2025-09-17T19:27:20","slug":"camere","status":"publish","type":"page","link":"https:\/\/hotel-lina.ro\/ro\/camere\/","title":{"rendered":"Camere"},"content":{"rendered":"\t\t<div data-elementor-type=\"wp-page\" data-elementor-id=\"911\" class=\"elementor elementor-911\">\n\t\t\t\t\t\t<section class=\"elementor-section elementor-top-section elementor-element elementor-element-a3fb039 elementor-section-boxed elementor-section-height-default elementor-section-height-default\" data-id=\"a3fb039\" data-element_type=\"section\">\n\t\t\t\t\t\t<div class=\"elementor-container elementor-column-gap-default\">\n\t\t\t\t\t<div class=\"elementor-column elementor-col-100 elementor-top-column elementor-element elementor-element-4fadd00c\" data-id=\"4fadd00c\" data-element_type=\"column\">\n\t\t\t<div class=\"elementor-widget-wrap elementor-element-populated\">\n\t\t\t\t\t\t<div class=\"elementor-element elementor-element-334cdaaa elementor-widget elementor-widget-text-editor\" data-id=\"334cdaaa\" data-element_type=\"widget\" data-widget_type=\"text-editor.default\">\n\t\t\t\t<div class=\"elementor-widget-container\">\n\t\t\t\t\t\t\t\t\tHotelul Lina a fost construit \u00een 2008 \u00een centrul Bucure\u0219tiului.\n\n<p>Hotelul Lina v\u0103 ofer\u0103 28 de camere structurate pe 4 etaje, dintre care 4 camere single, 16 camere twin \u0219i 8 camere duble. Fiecare camer\u0103 este conceput\u0103 pentru a satisface nevoile \u0219i cerin\u021bele oaspe\u021bilor no\u0219tri, fie c\u0103 sunt aici pentru afaceri sau pur \u0219i simplu pentru a vizita Bucure\u0219tiul.<\/p>\n\n<p>Toate camerele au aer condi\u021bionat, televizor LCD, internet Wi-Fi \u0219i LAN gratuit, birou, minibar, seif, usc\u0103tor de p\u0103r, telefon cu linie direct\u0103.<\/p>\t\t\t\t\t\t\t\t<\/div>\n\t\t\t\t<\/div>\n\t\t\t\t<section class=\"elementor-section elementor-inner-section elementor-element elementor-element-5e6b1d9 elementor-section-boxed elementor-section-height-default elementor-section-height-default\" data-id=\"5e6b1d9\" data-element_type=\"section\">\n\t\t\t\t\t\t<div class=\"elementor-container elementor-column-gap-default\">\n\t\t\t\t\t<div class=\"elementor-column elementor-col-33 elementor-inner-column elementor-element elementor-element-81fb42e\" data-id=\"81fb42e\" data-element_type=\"column\">\n\t\t\t<div class=\"elementor-widget-wrap elementor-element-populated\">\n\t\t\t\t\t\t<div class=\"elementor-element elementor-element-8377773 elementor-widget elementor-widget-image\" data-id=\"8377773\" data-element_type=\"widget\" data-widget_type=\"image.default\">\n\t\t\t\t<div class=\"elementor-widget-container\">\n\t\t\t\t\t\t\t\t\t\t\t\t\t\t\t<img fetchpriority=\"high\" decoding=\"async\" width=\"1024\" height=\"683\" src=\"https:\/\/hotel-lina.ro\/wp-content\/uploads\/2025\/09\/486352745.jpg\" class=\"attachment-full size-full wp-image-1895\" alt=\"\" srcset=\"https:\/\/hotel-lina.ro\/wp-content\/uploads\/2025\/09\/486352745.jpg 1024w, https:\/\/hotel-lina.ro\/wp-content\/uploads\/2025\/09\/486352745-300x200.jpg 300w, https:\/\/hotel-lina.ro\/wp-content\/uploads\/2025\/09\/486352745-768x512.jpg 768w\" sizes=\"(max-width: 1024px) 100vw, 1024px\" \/>\t\t\t\t\t\t\t\t\t\t\t\t\t\t\t<\/div>\n\t\t\t\t<\/div>\n\t\t\t\t<div class=\"elementor-element elementor-element-1848c6c elementor-widget elementor-widget-heading\" data-id=\"1848c6c\" data-element_type=\"widget\" data-widget_type=\"heading.default\">\n\t\t\t\t<div class=\"elementor-widget-container\">\n\t\t\t\t\t<h2 class=\"elementor-heading-title elementor-size-default\">Standard Double<\/h2>\t\t\t\t<\/div>\n\t\t\t\t<\/div>\n\t\t\t\t<div class=\"elementor-element elementor-element-30126fd elementor-align-center elementor-widget elementor-widget-button\" data-id=\"30126fd\" data-element_type=\"widget\" data-widget_type=\"button.default\">\n\t\t\t\t<div class=\"elementor-widget-container\">\n\t\t\t\t\t\t\t\t\t<div class=\"elementor-button-wrapper\">\n\t\t\t\t\t<a class=\"elementor-button elementor-button-link elementor-size-sm\" href=\"https:\/\/hotel-lina.pynbooking.direct\/\" target=\"_blank\">\n\t\t\t\t\t\t<span class=\"elementor-button-content-wrapper\">\n\t\t\t\t\t\t\t\t\t<span class=\"elementor-button-text\">Rezerva acum<\/span>\n\t\t\t\t\t<\/span>\n\t\t\t\t\t<\/a>\n\t\t\t\t<\/div>\n\t\t\t\t\t\t\t\t<\/div>\n\t\t\t\t<\/div>\n\t\t\t\t\t<\/div>\n\t\t<\/div>\n\t\t\t\t<div class=\"elementor-column elementor-col-33 elementor-inner-column elementor-element elementor-element-9cde668\" data-id=\"9cde668\" data-element_type=\"column\">\n\t\t\t<div class=\"elementor-widget-wrap elementor-element-populated\">\n\t\t\t\t\t\t<div class=\"elementor-element elementor-element-553a34c elementor-widget elementor-widget-image\" data-id=\"553a34c\" data-element_type=\"widget\" data-widget_type=\"image.default\">\n\t\t\t\t<div class=\"elementor-widget-container\">\n\t\t\t\t\t\t\t\t\t\t\t\t\t\t\t<img decoding=\"async\" width=\"1024\" height=\"683\" src=\"https:\/\/hotel-lina.ro\/wp-content\/uploads\/2025\/09\/486352472.jpg\" class=\"attachment-full size-full wp-image-1871\" alt=\"\" srcset=\"https:\/\/hotel-lina.ro\/wp-content\/uploads\/2025\/09\/486352472.jpg 1024w, https:\/\/hotel-lina.ro\/wp-content\/uploads\/2025\/09\/486352472-300x200.jpg 300w, https:\/\/hotel-lina.ro\/wp-content\/uploads\/2025\/09\/486352472-768x512.jpg 768w\" sizes=\"(max-width: 1024px) 100vw, 1024px\" \/>\t\t\t\t\t\t\t\t\t\t\t\t\t\t\t<\/div>\n\t\t\t\t<\/div>\n\t\t\t\t<div class=\"elementor-element elementor-element-67a736d elementor-widget elementor-widget-heading\" data-id=\"67a736d\" data-element_type=\"widget\" data-widget_type=\"heading.default\">\n\t\t\t\t<div class=\"elementor-widget-container\">\n\t\t\t\t\t<h2 class=\"elementor-heading-title elementor-size-default\">Standard Twin<\/h2>\t\t\t\t<\/div>\n\t\t\t\t<\/div>\n\t\t\t\t<div class=\"elementor-element elementor-element-53fa6d4 elementor-align-center elementor-widget elementor-widget-button\" data-id=\"53fa6d4\" data-element_type=\"widget\" data-widget_type=\"button.default\">\n\t\t\t\t<div class=\"elementor-widget-container\">\n\t\t\t\t\t\t\t\t\t<div class=\"elementor-button-wrapper\">\n\t\t\t\t\t<a class=\"elementor-button elementor-button-link elementor-size-sm\" href=\"https:\/\/hotel-lina.pynbooking.direct\/\" target=\"_blank\">\n\t\t\t\t\t\t<span class=\"elementor-button-content-wrapper\">\n\t\t\t\t\t\t\t\t\t<span class=\"elementor-button-text\">Rezerva acum<\/span>\n\t\t\t\t\t<\/span>\n\t\t\t\t\t<\/a>\n\t\t\t\t<\/div>\n\t\t\t\t\t\t\t\t<\/div>\n\t\t\t\t<\/div>\n\t\t\t\t\t<\/div>\n\t\t<\/div>\n\t\t\t\t<div class=\"elementor-column elementor-col-33 elementor-inner-column elementor-element elementor-element-cf1a5a2\" data-id=\"cf1a5a2\" data-element_type=\"column\">\n\t\t\t<div class=\"elementor-widget-wrap elementor-element-populated\">\n\t\t\t\t\t\t<div class=\"elementor-element elementor-element-e6c23c4 elementor-widget elementor-widget-image\" data-id=\"e6c23c4\" data-element_type=\"widget\" data-widget_type=\"image.default\">\n\t\t\t\t<div class=\"elementor-widget-container\">\n\t\t\t\t\t\t\t\t\t\t\t\t\t\t\t<img decoding=\"async\" width=\"1024\" height=\"683\" src=\"https:\/\/hotel-lina.ro\/wp-content\/uploads\/2025\/09\/486352576.jpg\" class=\"attachment-full size-full wp-image-1874\" alt=\"\" srcset=\"https:\/\/hotel-lina.ro\/wp-content\/uploads\/2025\/09\/486352576.jpg 1024w, https:\/\/hotel-lina.ro\/wp-content\/uploads\/2025\/09\/486352576-300x200.jpg 300w, https:\/\/hotel-lina.ro\/wp-content\/uploads\/2025\/09\/486352576-768x512.jpg 768w\" sizes=\"(max-width: 1024px) 100vw, 1024px\" \/>\t\t\t\t\t\t\t\t\t\t\t\t\t\t\t<\/div>\n\t\t\t\t<\/div>\n\t\t\t\t<div class=\"elementor-element elementor-element-11b022d elementor-widget elementor-widget-heading\" data-id=\"11b022d\" data-element_type=\"widget\" data-widget_type=\"heading.default\">\n\t\t\t\t<div class=\"elementor-widget-container\">\n\t\t\t\t\t<h2 class=\"elementor-heading-title elementor-size-default\">Single<\/h2>\t\t\t\t<\/div>\n\t\t\t\t<\/div>\n\t\t\t\t<div class=\"elementor-element elementor-element-97fd64f elementor-align-center elementor-widget elementor-widget-button\" data-id=\"97fd64f\" data-element_type=\"widget\" data-widget_type=\"button.default\">\n\t\t\t\t<div class=\"elementor-widget-container\">\n\t\t\t\t\t\t\t\t\t<div class=\"elementor-button-wrapper\">\n\t\t\t\t\t<a class=\"elementor-button elementor-button-link elementor-size-sm\" href=\"https:\/\/hotel-lina.pynbooking.direct\/\" target=\"_blank\">\n\t\t\t\t\t\t<span class=\"elementor-button-content-wrapper\">\n\t\t\t\t\t\t\t\t\t<span class=\"elementor-button-text\">Rezerva acum<\/span>\n\t\t\t\t\t<\/span>\n\t\t\t\t\t<\/a>\n\t\t\t\t<\/div>\n\t\t\t\t\t\t\t\t<\/div>\n\t\t\t\t<\/div>\n\t\t\t\t\t<\/div>\n\t\t<\/div>\n\t\t\t\t\t<\/div>\n\t\t<\/section>\n\t\t\t\t\t<\/div>\n\t\t<\/div>\n\t\t\t\t\t<\/div>\n\t\t<\/section>\n\t\t\t\t<\/div>\n\t\t","protected":false},"excerpt":{"rendered":"<p>Hotelul Lina a fost construit \u00een 2008 \u00een centrul Bucure\u0219tiului. Hotelul Lina v\u0103 ofer\u0103 28 de camere structurate pe 4 etaje, dintre care 4 camere single, 16 camere twin \u0219i 8 camere duble. Fiecare camer\u0103 este conceput\u0103 pentru a satisface nevoile \u0219i cerin\u021bele oaspe\u021bilor no\u0219tri, fie c\u0103 sunt aici pentru afaceri sau pur \u0219i simplu&hellip;<\/p>\n","protected":false},"author":1,"featured_media":0,"parent":0,"menu_order":0,"comment_status":"closed","ping_status":"closed","template":"","meta":[],"class_list":["post-911","page","type-page","status-publish","hentry","description-off"],"_links":{"self":[{"href":"https:\/\/hotel-lina.ro\/ro\/wp-json\/wp\/v2\/pages\/911","targetHints":{"allow":["GET"]}}],"collection":[{"href":"https:\/\/hotel-lina.ro\/ro\/wp-json\/wp\/v2\/pages"}],"about":[{"href":"https:\/\/hotel-lina.ro\/ro\/wp-json\/wp\/v2\/types\/page"}],"author":[{"embeddable":true,"href":"https:\/\/hotel-lina.ro\/ro\/wp-json\/wp\/v2\/users\/1"}],"replies":[{"embeddable":true,"href":"https:\/\/hotel-lina.ro\/ro\/wp-json\/wp\/v2\/comments?post=911"}],"version-history":[{"count":8,"href":"https:\/\/hotel-lina.ro\/ro\/wp-json\/wp\/v2\/pages\/911\/revisions"}],"predecessor-version":[{"id":2019,"href":"https:\/\/hotel-lina.ro\/ro\/wp-json\/wp\/v2\/pages\/911\/revisions\/2019"}],"wp:attachment":[{"href":"https:\/\/hotel-lina.ro\/ro\/wp-json\/wp\/v2\/media?parent=911"}],"curies":[{"name":"wp","href":"https:\/\/api.w.org\/{rel}","templated":true}]}}