{"id":919,"date":"2014-03-18T22:55:46","date_gmt":"2014-03-18T22:55:46","guid":{"rendered":"https:\/\/hotel-lina.ro\/?page_id=919"},"modified":"2021-06-29T07:58:07","modified_gmt":"2021-06-29T07:58:07","slug":"acasa","status":"publish","type":"page","link":"https:\/\/hotel-lina.ro\/ro\/","title":{"rendered":"Acasa"},"content":{"rendered":"\n<p>Situat in centrul Bucurestiului, hotelul nostru este pregatit sa ofere calmul si linistea dupa o zi petrecuta in capitala. Cu siguranta veti intalni o mul\u021bime de oameni noi si veti avea tot tipul de oportunitati si evenimente in acest oras extrem de dinamic. Totul se \u00eent\u00e2mpl\u0103 rapid \u0219i acest lucru poate fi foarte stresant. Acesta este motivul pentru care la Hotelul Lina cre\u0103m o atmosfer\u0103 cald\u0103 \u0219i primitoare, astfel \u00eenc\u00e2t s\u0103 v\u0103 pute\u021bi relaxa dup\u0103 o zi plin\u0103 de aventuri \u00een &#8222;Micul Paris&#8221;.<\/p>\n","protected":false},"excerpt":{"rendered":"<p>Situat in centrul Bucurestiului, hotelul nostru este pregatit sa ofere calmul si linistea dupa o zi petrecuta in capitala. Cu siguranta veti intalni o mul\u021bime de oameni noi si veti avea tot tipul de oportunitati si evenimente in acest oras extrem de dinamic. Totul se \u00eent\u00e2mpl\u0103 rapid \u0219i acest lucru poate fi foarte stresant. Acesta&hellip;<\/p>\n","protected":false},"author":1,"featured_media":0,"parent":0,"menu_order":0,"comment_status":"closed","ping_status":"closed","template":"","meta":[],"class_list":["post-919","page","type-page","status-publish","hentry","description-off"],"_links":{"self":[{"href":"https:\/\/hotel-lina.ro\/ro\/wp-json\/wp\/v2\/pages\/919","targetHints":{"allow":["GET"]}}],"collection":[{"href":"https:\/\/hotel-lina.ro\/ro\/wp-json\/wp\/v2\/pages"}],"about":[{"href":"https:\/\/hotel-lina.ro\/ro\/wp-json\/wp\/v2\/types\/page"}],"author":[{"embeddable":true,"href":"https:\/\/hotel-lina.ro\/ro\/wp-json\/wp\/v2\/users\/1"}],"replies":[{"embeddable":true,"href":"https:\/\/hotel-lina.ro\/ro\/wp-json\/wp\/v2\/comments?post=919"}],"version-history":[{"count":4,"href":"https:\/\/hotel-lina.ro\/ro\/wp-json\/wp\/v2\/pages\/919\/revisions"}],"predecessor-version":[{"id":1809,"href":"https:\/\/hotel-lina.ro\/ro\/wp-json\/wp\/v2\/pages\/919\/revisions\/1809"}],"wp:attachment":[{"href":"https:\/\/hotel-lina.ro\/ro\/wp-json\/wp\/v2\/media?parent=919"}],"curies":[{"name":"wp","href":"https:\/\/api.w.org\/{rel}","templated":true}]}}